{"id":608,"date":"2024-02-05T12:35:28","date_gmt":"2024-02-05T12:35:28","guid":{"rendered":"https:\/\/toptelecomservices.com\/?page_id=608"},"modified":"2024-05-31T11:19:21","modified_gmt":"2024-05-31T11:19:21","slug":"recherche-et-prospection","status":"publish","type":"page","link":"https:\/\/toptelecomservices.com\/en\/nos-services\/recherche-et-prospection\/","title":{"rendered":"PROSPECTION \u2013 AVANT-VENTE"},"content":{"rendered":"<div data-elementor-type=\"wp-page\" data-elementor-id=\"608\" class=\"elementor elementor-608\" data-elementor-post-type=\"page\">\n\t\t\t\t<div class=\"elementor-element elementor-element-57b80f8 e-flex e-con-boxed e-con e-parent\" data-id=\"57b80f8\" data-element_type=\"container\" data-settings=\"{&quot;background_background&quot;:&quot;classic&quot;,&quot;container_type&quot;:&quot;flex&quot;,&quot;content_width&quot;:&quot;boxed&quot;}\" data-e-bg-lazyload=\"\" data-core-v316-plus=\"true\">\n\t\t\t\t\t<div class=\"e-con-inner\">\n\t\t\t\t<div class=\"elementor-element elementor-element-75c48ec animated-slow elementor-invisible elementor-widget elementor-widget-heading\" data-id=\"75c48ec\" data-element_type=\"widget\" data-settings=\"{&quot;_animation&quot;:&quot;fadeInLeft&quot;}\" data-widget_type=\"heading.default\">\n\t\t\t\t<div class=\"elementor-widget-container\">\n\t\t\t<style>\/*! elementor - v3.19.0 - 07-02-2024 *\/\n.elementor-heading-title{padding:0;margin:0;line-height:1}.elementor-widget-heading .elementor-heading-title[class*=elementor-size-]>a{color:inherit;font-size:inherit;line-height:inherit}.elementor-widget-heading .elementor-heading-title.elementor-size-small{font-size:15px}.elementor-widget-heading .elementor-heading-title.elementor-size-medium{font-size:19px}.elementor-widget-heading .elementor-heading-title.elementor-size-large{font-size:29px}.elementor-widget-heading .elementor-heading-title.elementor-size-xl{font-size:39px}.elementor-widget-heading .elementor-heading-title.elementor-size-xxl{font-size:59px}<\/style><h5 class=\"elementor-heading-title elementor-size-default\">Our Services<\/h5>\t\t<\/div>\n\t\t\t\t<\/div>\n\t\t\t\t<div class=\"elementor-element elementor-element-299ea01 elementor-widget__width-initial animated-slow elementor-invisible elementor-widget elementor-widget-heading\" data-id=\"299ea01\" data-element_type=\"widget\" data-settings=\"{&quot;_animation&quot;:&quot;fadeInLeft&quot;,&quot;_animation_delay&quot;:200}\" data-widget_type=\"heading.default\">\n\t\t\t\t<div class=\"elementor-widget-container\">\n\t\t\t<h2 class=\"elementor-heading-title elementor-size-default\">Prospecting <br>\nPre-sales<\/h2>\t\t<\/div>\n\t\t\t\t<\/div>\n\t\t\t\t<div class=\"elementor-element elementor-element-0b6f8ea elementor-widget__width-initial animated-slow elementor-invisible elementor-widget elementor-widget-text-editor\" data-id=\"0b6f8ea\" data-element_type=\"widget\" data-settings=\"{&quot;_animation&quot;:&quot;fadeInLeft&quot;,&quot;_animation_delay&quot;:400}\" data-widget_type=\"text-editor.default\">\n\t\t\t\t<div class=\"elementor-widget-container\">\n\t\t\t<style>\/*! elementor - v3.19.0 - 07-02-2024 *\/\n.elementor-widget-text-editor.elementor-drop-cap-view-stacked .elementor-drop-cap{background-color:#69727d;color:#fff}.elementor-widget-text-editor.elementor-drop-cap-view-framed .elementor-drop-cap{color:#69727d;border:3px solid;background-color:transparent}.elementor-widget-text-editor:not(.elementor-drop-cap-view-default) .elementor-drop-cap{margin-top:8px}.elementor-widget-text-editor:not(.elementor-drop-cap-view-default) .elementor-drop-cap-letter{width:1em;height:1em}.elementor-widget-text-editor .elementor-drop-cap{float:left;text-align:center;line-height:1;font-size:50px}.elementor-widget-text-editor .elementor-drop-cap-letter{display:inline-block}<\/style>\t\t\t\t<p>Gathering information in a variety of environments (urban, housing developments, rural...), as well as capturing firm purchase intentions.<\/p>\t\t\t\t\t\t<\/div>\n\t\t\t\t<\/div>\n\t\t\t\t\t<\/div>\n\t\t\t\t<\/div>\n\t\t<div class=\"elementor-element elementor-element-0495569 e-flex e-con-boxed e-con e-parent\" data-id=\"0495569\" data-element_type=\"container\" data-settings=\"{&quot;container_type&quot;:&quot;flex&quot;,&quot;content_width&quot;:&quot;boxed&quot;}\" data-core-v316-plus=\"true\">\n\t\t\t\t\t<div class=\"e-con-inner\">\n\t\t\t\t<div class=\"elementor-element elementor-element-c819911 elementor-widget__width-initial animated-slow elementor-invisible elementor-widget elementor-widget-heading\" data-id=\"c819911\" data-element_type=\"widget\" data-settings=\"{&quot;_animation&quot;:&quot;fadeInLeft&quot;}\" data-widget_type=\"heading.default\">\n\t\t\t\t<div class=\"elementor-widget-container\">\n\t\t\t<h2 class=\"elementor-heading-title elementor-size-default\">Opportunities Through Data-Driven Insights<\/h2>\t\t<\/div>\n\t\t\t\t<\/div>\n\t\t\t\t<div class=\"elementor-element elementor-element-30994df elementor-widget__width-initial animated-slow elementor-invisible elementor-widget elementor-widget-text-editor\" data-id=\"30994df\" data-element_type=\"widget\" data-settings=\"{&quot;_animation&quot;:&quot;fadeInLeft&quot;}\" data-widget_type=\"text-editor.default\">\n\t\t\t\t<div class=\"elementor-widget-container\">\n\t\t\t\t\t\t\t<div style=\"text-align: Justify;\">In the dynamic world of business, TOP TELECOM SERVICES (TTS) stands as your ally in navigating market trends and customer behaviors. Our Research &amp; Prospecting services are dedicated to offering deep insights and actionable data, crucial for making informed business decisions.<\/div>\t\t\t\t\t\t<\/div>\n\t\t\t\t<\/div>\n\t\t\t\t<div class=\"elementor-element elementor-element-136dbfd elementor-widget__width-initial elementor-absolute elementor-widget elementor-widget-image\" data-id=\"136dbfd\" data-element_type=\"widget\" data-settings=\"{&quot;_position&quot;:&quot;absolute&quot;}\" data-widget_type=\"image.default\">\n\t\t\t\t<div class=\"elementor-widget-container\">\n\t\t\t<style>\/*! elementor - v3.19.0 - 07-02-2024 *\/\n.elementor-widget-image{text-align:center}.elementor-widget-image a{display:inline-block}.elementor-widget-image a img[src$=\".svg\"]{width:48px}.elementor-widget-image img{vertical-align:middle;display:inline-block}<\/style>\t\t\t\t\t\t\t\t\t\t<img fetchpriority=\"high\" decoding=\"async\" width=\"364\" height=\"364\" src=\"https:\/\/toptelecomservices.com\/wp-content\/uploads\/2024\/02\/analytics-1.png\" class=\"attachment-full size-full wp-image-638\" alt=\"\" srcset=\"https:\/\/toptelecomservices.com\/wp-content\/uploads\/2024\/02\/analytics-1.png 364w, https:\/\/toptelecomservices.com\/wp-content\/uploads\/2024\/02\/analytics-1-300x300.png 300w, https:\/\/toptelecomservices.com\/wp-content\/uploads\/2024\/02\/analytics-1-150x150.png 150w, https:\/\/toptelecomservices.com\/wp-content\/uploads\/2024\/02\/analytics-1-100x100.png 100w\" sizes=\"(max-width: 364px) 100vw, 364px\" \/>\t\t\t\t\t\t\t\t\t\t\t\t\t<\/div>\n\t\t\t\t<\/div>\n\t\t<div class=\"elementor-element elementor-element-a1efd30 e-flex e-con-boxed e-con e-child\" data-id=\"a1efd30\" data-element_type=\"container\" data-settings=\"{&quot;container_type&quot;:&quot;flex&quot;,&quot;content_width&quot;:&quot;boxed&quot;}\">\n\t\t\t\t\t<div class=\"e-con-inner\">\n\t\t<div class=\"elementor-element elementor-element-dd278ed e-con-full e-flex elementor-invisible e-con e-child\" data-id=\"dd278ed\" data-element_type=\"container\" data-settings=\"{&quot;content_width&quot;:&quot;full&quot;,&quot;animation&quot;:&quot;fadeInLeft&quot;,&quot;container_type&quot;:&quot;flex&quot;}\">\n\t\t\t\t<div class=\"elementor-element elementor-element-8dcdfbe elementor-widget-mobile__width-inherit val elementor-view-default elementor-position-top elementor-widget elementor-widget-icon-box\" data-id=\"8dcdfbe\" data-element_type=\"widget\" data-widget_type=\"icon-box.default\">\n\t\t\t\t<div class=\"elementor-widget-container\">\n\t\t\t<link rel=\"stylesheet\" href=\"https:\/\/toptelecomservices.com\/wp-content\/plugins\/elementor\/assets\/css\/widget-icon-box.min.css\">\t\t<div class=\"elementor-icon-box-wrapper\">\n\t\t\t\t\t\t<div class=\"elementor-icon-box-icon\">\n\t\t\t\t<span  class=\"elementor-icon elementor-animation-\">\n\t\t\t\t<svg xmlns=\"http:\/\/www.w3.org\/2000\/svg\" width=\"35\" height=\"35\" viewbox=\"0 0 35 35\" fill=\"none\"><path d=\"M21.4486 27.3125L27.0784 32.9423C28.6423 34.5062 31.3529 34.5062 32.9168 32.9423C34.5849 31.3785 34.5849 28.6678 32.9168 27.104L27.2869 21.4741C28.3295 19.4932 28.955 17.1996 28.955 14.8017C28.955 14.3846 28.955 13.9676 28.8508 13.6548L32.7083 9.79735C33.1253 9.38032 33.1253 8.75478 32.7083 8.33776C32.2912 7.92073 31.6657 7.92073 31.2487 8.33776L28.4337 11.1527C27.8082 8.75478 26.5571 6.66965 24.7848 4.89728C19.2592 -0.628319 10.3973 -0.628319 4.87174 4.89728C-0.653862 10.4229 -0.653862 19.2847 4.87174 24.8103C9.45903 29.3976 16.2357 30.1274 21.4486 27.3125ZM31.3529 28.5635C32.187 29.3976 32.187 30.6487 31.3529 31.4827C30.5189 32.3168 29.2678 32.3168 28.4337 31.4827L23.1167 26.1656C23.6379 25.7486 24.1592 25.3316 24.6805 24.8103C25.2018 24.289 25.6188 23.7677 26.0358 23.2465L31.3529 28.5635ZM6.33134 6.35688C11.0229 1.66533 18.6336 1.66533 23.3252 6.35688C25.0975 8.12924 26.2444 10.4229 26.6614 12.925L24.5763 15.0102L21.1358 11.5697C20.7188 11.1527 20.0932 11.1527 19.6762 11.5697L14.2548 16.9911L11.8569 14.5932C11.4399 14.1761 10.8144 14.1761 10.3973 14.5932L6.22708 18.7634C5.81005 19.1804 5.81005 19.806 6.22708 20.223C6.64411 20.64 7.26965 20.64 7.68667 20.223L11.1271 16.7825C12.691 18.0336 13.8378 20.3273 14.9846 19.1804L20.406 13.7591L23.8465 17.1996C24.2635 17.6166 24.889 17.6166 25.306 17.1996L26.7656 15.74C26.5571 18.6592 25.306 21.2656 23.3252 23.3507C18.6336 28.0423 11.0229 28.0423 6.33134 23.3507C1.63978 18.6592 1.63978 11.0484 6.33134 6.35688Z\" fill=\"#4A9CFC\"><\/path><\/svg>\t\t\t\t<\/span>\n\t\t\t<\/div>\n\t\t\t\t\t\t<div class=\"elementor-icon-box-content\">\n\t\t\t\t<h4 class=\"elementor-icon-box-title\">\n\t\t\t\t\t<span  >\n\t\t\t\t\t\tMarket Analysis\t\t\t\t\t<\/span>\n\t\t\t\t<\/h4>\n\t\t\t\t\t\t\t<\/div>\n\t\t<\/div>\n\t\t\t\t<\/div>\n\t\t\t\t<\/div>\n\t\t\t\t<div class=\"elementor-element elementor-element-bf119bd elementor-widget-divider--view-line elementor-widget elementor-widget-divider\" data-id=\"bf119bd\" data-element_type=\"widget\" data-widget_type=\"divider.default\">\n\t\t\t\t<div class=\"elementor-widget-container\">\n\t\t\t<style>\/*! elementor - v3.19.0 - 07-02-2024 *\/\n.elementor-widget-divider{--divider-border-style:none;--divider-border-width:1px;--divider-color:#0c0d0e;--divider-icon-size:20px;--divider-element-spacing:10px;--divider-pattern-height:24px;--divider-pattern-size:20px;--divider-pattern-url:none;--divider-pattern-repeat:repeat-x}.elementor-widget-divider .elementor-divider{display:flex}.elementor-widget-divider .elementor-divider__text{font-size:15px;line-height:1;max-width:95%}.elementor-widget-divider .elementor-divider__element{margin:0 var(--divider-element-spacing);flex-shrink:0}.elementor-widget-divider .elementor-icon{font-size:var(--divider-icon-size)}.elementor-widget-divider .elementor-divider-separator{display:flex;margin:0;direction:ltr}.elementor-widget-divider--view-line_icon .elementor-divider-separator,.elementor-widget-divider--view-line_text .elementor-divider-separator{align-items:center}.elementor-widget-divider--view-line_icon .elementor-divider-separator:after,.elementor-widget-divider--view-line_icon .elementor-divider-separator:before,.elementor-widget-divider--view-line_text .elementor-divider-separator:after,.elementor-widget-divider--view-line_text .elementor-divider-separator:before{display:block;content:\"\";border-block-end:0;flex-grow:1;border-block-start:var(--divider-border-width) var(--divider-border-style) var(--divider-color)}.elementor-widget-divider--element-align-left .elementor-divider .elementor-divider-separator>.elementor-divider__svg:first-of-type{flex-grow:0;flex-shrink:100}.elementor-widget-divider--element-align-left .elementor-divider-separator:before{content:none}.elementor-widget-divider--element-align-left .elementor-divider__element{margin-left:0}.elementor-widget-divider--element-align-right .elementor-divider .elementor-divider-separator>.elementor-divider__svg:last-of-type{flex-grow:0;flex-shrink:100}.elementor-widget-divider--element-align-right .elementor-divider-separator:after{content:none}.elementor-widget-divider--element-align-right .elementor-divider__element{margin-right:0}.elementor-widget-divider--element-align-start .elementor-divider .elementor-divider-separator>.elementor-divider__svg:first-of-type{flex-grow:0;flex-shrink:100}.elementor-widget-divider--element-align-start .elementor-divider-separator:before{content:none}.elementor-widget-divider--element-align-start .elementor-divider__element{margin-inline-start:0}.elementor-widget-divider--element-align-end .elementor-divider .elementor-divider-separator>.elementor-divider__svg:last-of-type{flex-grow:0;flex-shrink:100}.elementor-widget-divider--element-align-end .elementor-divider-separator:after{content:none}.elementor-widget-divider--element-align-end .elementor-divider__element{margin-inline-end:0}.elementor-widget-divider:not(.elementor-widget-divider--view-line_text):not(.elementor-widget-divider--view-line_icon) .elementor-divider-separator{border-block-start:var(--divider-border-width) var(--divider-border-style) var(--divider-color)}.elementor-widget-divider--separator-type-pattern{--divider-border-style:none}.elementor-widget-divider--separator-type-pattern.elementor-widget-divider--view-line .elementor-divider-separator,.elementor-widget-divider--separator-type-pattern:not(.elementor-widget-divider--view-line) .elementor-divider-separator:after,.elementor-widget-divider--separator-type-pattern:not(.elementor-widget-divider--view-line) .elementor-divider-separator:before,.elementor-widget-divider--separator-type-pattern:not([class*=elementor-widget-divider--view]) .elementor-divider-separator{width:100%;min-height:var(--divider-pattern-height);-webkit-mask-size:var(--divider-pattern-size) 100%;mask-size:var(--divider-pattern-size) 100%;-webkit-mask-repeat:var(--divider-pattern-repeat);mask-repeat:var(--divider-pattern-repeat);background-color:var(--divider-color);-webkit-mask-image:var(--divider-pattern-url);mask-image:var(--divider-pattern-url)}.elementor-widget-divider--no-spacing{--divider-pattern-size:auto}.elementor-widget-divider--bg-round{--divider-pattern-repeat:round}.rtl .elementor-widget-divider .elementor-divider__text{direction:rtl}.e-con-inner>.elementor-widget-divider,.e-con>.elementor-widget-divider{width:var(--container-widget-width,100%);--flex-grow:var(--container-widget-flex-grow)}<\/style>\t\t<div class=\"elementor-divider\">\n\t\t\t<span class=\"elementor-divider-separator\">\n\t\t\t\t\t\t<\/span>\n\t\t<\/div>\n\t\t\t\t<\/div>\n\t\t\t\t<\/div>\n\t\t\t\t<div class=\"elementor-element elementor-element-dedf8bd elementor-widget__width-initial elementor-widget elementor-widget-text-editor\" data-id=\"dedf8bd\" data-element_type=\"widget\" data-widget_type=\"text-editor.default\">\n\t\t\t\t<div class=\"elementor-widget-container\">\n\t\t\t\t\t\t\tGain a comprehensive understanding of your market landscape, identifying key trends and opportunities.\n\n\t\t\t\t\t\t<\/div>\n\t\t\t\t<\/div>\n\t\t\t\t<\/div>\n\t\t<div class=\"elementor-element elementor-element-556d506 e-con-full e-flex elementor-invisible e-con e-child\" data-id=\"556d506\" data-element_type=\"container\" data-settings=\"{&quot;content_width&quot;:&quot;full&quot;,&quot;animation&quot;:&quot;fadeInUp&quot;,&quot;container_type&quot;:&quot;flex&quot;}\">\n\t\t\t\t<div class=\"elementor-element elementor-element-1428e93 elementor-widget-mobile__width-inherit val elementor-view-default elementor-position-top elementor-widget elementor-widget-icon-box\" data-id=\"1428e93\" data-element_type=\"widget\" data-widget_type=\"icon-box.default\">\n\t\t\t\t<div class=\"elementor-widget-container\">\n\t\t\t\t\t<div class=\"elementor-icon-box-wrapper\">\n\t\t\t\t\t\t<div class=\"elementor-icon-box-icon\">\n\t\t\t\t<span  class=\"elementor-icon elementor-animation-\">\n\t\t\t\t<svg xmlns=\"http:\/\/www.w3.org\/2000\/svg\" width=\"45\" height=\"28\" viewbox=\"0 0 45 28\" fill=\"none\"><path d=\"M39.7522 0.368896C36.7242 0.368896 34.261 2.83228 34.261 5.86006C34.261 7.31924 34.8342 8.64626 35.7658 9.63061L31.162 16.5691C30.7093 16.448 30.2342 16.3824 29.7437 16.3824C28.3193 16.3824 27.0198 16.9279 26.043 17.8205L22.6091 14.3866C23.0015 13.6309 23.2247 12.7737 23.2247 11.865C23.2247 8.83707 20.7613 6.37383 17.7334 6.37383C14.7055 6.37383 12.2422 8.83722 12.2422 11.865C12.2422 12.7022 12.4312 13.4957 12.7677 14.2064L8.86011 17.3704C7.97003 16.7484 6.88883 16.3823 5.72306 16.3823C2.69483 16.3826 0.231445 18.846 0.231445 21.874C0.231445 24.902 2.69483 27.3652 5.72276 27.3652C8.75069 27.3652 11.2139 24.9018 11.2139 21.874C11.2139 21.0899 11.0475 20.3444 10.7502 19.6689L14.7209 16.4535C15.5865 17.0236 16.6213 17.3566 17.7329 17.3566C18.7728 17.3566 19.7459 17.0661 20.5757 16.562L24.4455 20.4318C24.3202 20.8917 24.2521 21.3748 24.2521 21.8739C24.2521 24.9018 26.7155 27.365 29.7434 27.365C32.7714 27.365 35.2346 24.9017 35.2346 21.8739C35.2346 20.4102 34.6578 19.0793 33.721 18.0941L38.321 11.1612C38.7775 11.2845 39.2569 11.3514 39.7519 11.3514C42.7798 11.3514 45.2432 8.88799 45.2432 5.86006C45.2435 2.83228 42.7801 0.368896 39.7522 0.368896ZM5.72276 24.3896C4.33557 24.3896 3.20709 23.2611 3.20709 21.874C3.20709 20.4868 4.33557 19.3584 5.72276 19.3584C7.1098 19.3584 8.23828 20.4868 8.23828 21.874C8.23843 23.2609 7.1098 24.3896 5.72276 24.3896ZM17.7331 14.381C16.3461 14.381 15.2176 13.2525 15.2176 11.8653C15.2176 10.4783 16.3461 9.34978 17.7331 9.34978C19.1203 9.34978 20.2488 10.4783 20.2488 11.8653C20.2488 13.2525 19.1203 14.381 17.7331 14.381ZM29.7436 24.3896C28.3564 24.3896 27.2279 23.2611 27.2279 21.874C27.2279 20.4868 28.3564 19.3584 29.7436 19.3584C31.1306 19.3584 32.2591 20.4868 32.2591 21.874C32.2591 23.2609 31.1306 24.3896 29.7436 24.3896ZM39.7522 8.37588C38.3651 8.37588 37.2366 7.2474 37.2366 5.86021C37.2366 4.47317 38.3651 3.34469 39.7522 3.34469C41.1393 3.34469 42.2678 4.47317 42.2678 5.86021C42.2678 7.24725 41.1392 8.37588 39.7522 8.37588Z\" fill=\"#4A9CFC\"><\/path><\/svg>\t\t\t\t<\/span>\n\t\t\t<\/div>\n\t\t\t\t\t\t<div class=\"elementor-icon-box-content\">\n\t\t\t\t<h4 class=\"elementor-icon-box-title\">\n\t\t\t\t\t<span  >\n\t\t\t\t\t\tCustomer Insights\t\t\t\t\t<\/span>\n\t\t\t\t<\/h4>\n\t\t\t\t\t\t\t<\/div>\n\t\t<\/div>\n\t\t\t\t<\/div>\n\t\t\t\t<\/div>\n\t\t\t\t<div class=\"elementor-element elementor-element-e2cd7f4 elementor-widget-divider--view-line elementor-widget elementor-widget-divider\" data-id=\"e2cd7f4\" data-element_type=\"widget\" data-widget_type=\"divider.default\">\n\t\t\t\t<div class=\"elementor-widget-container\">\n\t\t\t\t\t<div class=\"elementor-divider\">\n\t\t\t<span class=\"elementor-divider-separator\">\n\t\t\t\t\t\t<\/span>\n\t\t<\/div>\n\t\t\t\t<\/div>\n\t\t\t\t<\/div>\n\t\t\t\t<div class=\"elementor-element elementor-element-2dda5fb elementor-widget__width-initial elementor-widget elementor-widget-text-editor\" data-id=\"2dda5fb\" data-element_type=\"widget\" data-widget_type=\"text-editor.default\">\n\t\t\t\t<div class=\"elementor-widget-container\">\n\t\t\t\t\t\t\tDelve into customer preferences and behaviors to tailor your strategies effectively.\n\n\t\t\t\t\t\t<\/div>\n\t\t\t\t<\/div>\n\t\t\t\t<\/div>\n\t\t<div class=\"elementor-element elementor-element-a280c4d e-con-full e-flex elementor-invisible e-con e-child\" data-id=\"a280c4d\" data-element_type=\"container\" data-settings=\"{&quot;content_width&quot;:&quot;full&quot;,&quot;animation&quot;:&quot;fadeInRight&quot;,&quot;container_type&quot;:&quot;flex&quot;}\">\n\t\t\t\t<div class=\"elementor-element elementor-element-ad337c7 elementor-widget-mobile__width-inherit val elementor-view-default elementor-position-top elementor-widget elementor-widget-icon-box\" data-id=\"ad337c7\" data-element_type=\"widget\" data-widget_type=\"icon-box.default\">\n\t\t\t\t<div class=\"elementor-widget-container\">\n\t\t\t\t\t<div class=\"elementor-icon-box-wrapper\">\n\t\t\t\t\t\t<div class=\"elementor-icon-box-icon\">\n\t\t\t\t<span  class=\"elementor-icon elementor-animation-\">\n\t\t\t\t<svg xmlns=\"http:\/\/www.w3.org\/2000\/svg\" width=\"44\" height=\"44\" viewbox=\"0 0 44 44\" fill=\"none\"><g clip-path=\"url(#clip0_196_1657)\"><path d=\"M41.5183 33.3687H29.7961V23.522C29.7961 22.7451 29.1663 22.1153 28.3894 22.1153H15.2603C14.4834 22.1153 13.8536 22.7451 13.8536 23.522V27.742H2.13126C1.35441 27.742 0.724609 28.3718 0.724609 29.1487V42.2777C0.724609 43.0546 1.35441 43.6844 2.13126 43.6844C2.84916 43.6844 40.7129 43.6844 41.5183 43.6844C42.2952 43.6844 42.925 43.0546 42.925 42.2778V34.7755C42.9251 33.9986 42.2952 33.3687 41.5183 33.3687ZM13.8536 40.8711H3.538V30.5554H13.8536V40.8711ZM26.9827 40.8711H16.667C16.667 40.4704 16.667 25.3689 16.667 24.9286H26.9827C26.9827 25.7083 26.9827 40.1127 26.9827 40.8711ZM40.1117 40.8711H29.7961V36.1821H40.1117V40.8711Z\" fill=\"#4A9CFC\"><\/path><path d=\"M29.9134 6.76491L24.875 6.03265L22.6218 1.46717C22.1067 0.423583 20.6141 0.423415 20.099 1.46717L17.8458 6.03282L12.8073 6.76508C11.656 6.93221 11.1941 8.35179 12.0278 9.16443L15.6735 12.7181L14.8129 17.7362C14.6164 18.8828 15.823 19.761 16.8539 19.2191L21.3605 16.8498L25.8669 19.2191C26.8937 19.7586 28.105 18.8858 27.908 17.7362L27.0473 12.7182L30.6931 9.16443C31.5261 8.35213 31.0656 6.93212 29.9134 6.76491ZM24.554 11.2196C24.2224 11.5428 24.0711 12.0084 24.1494 12.4647L24.6533 15.4023L22.0151 14.0153C21.6052 13.7999 21.1156 13.7999 20.7059 14.0153L18.0676 15.4024L18.5715 12.4647C18.6498 12.0084 18.4985 11.5428 18.167 11.2196L16.0327 9.13915L18.9823 8.71049C19.4405 8.64389 19.8364 8.35616 20.0414 7.94103L21.3605 5.26822L22.6794 7.94103C22.8844 8.35616 23.2803 8.64389 23.7386 8.71049L26.6882 9.13915L24.554 11.2196Z\" fill=\"#4A9CFC\"><\/path><\/g><defs><clippath id=\"clip0_196_1657\"><rect width=\"43\" height=\"43\" fill=\"white\" transform=\"translate(0.325195 0.684448)\"><\/rect><\/clippath><\/defs><\/svg>\t\t\t\t<\/span>\n\t\t\t<\/div>\n\t\t\t\t\t\t<div class=\"elementor-icon-box-content\">\n\t\t\t\t<h4 class=\"elementor-icon-box-title\">\n\t\t\t\t\t<span  >\n\t\t\t\t\t\tCompetitive Intelligence\t\t\t\t\t<\/span>\n\t\t\t\t<\/h4>\n\t\t\t\t\t\t\t<\/div>\n\t\t<\/div>\n\t\t\t\t<\/div>\n\t\t\t\t<\/div>\n\t\t\t\t<div class=\"elementor-element elementor-element-1220bf2 elementor-widget-divider--view-line elementor-widget elementor-widget-divider\" data-id=\"1220bf2\" data-element_type=\"widget\" data-widget_type=\"divider.default\">\n\t\t\t\t<div class=\"elementor-widget-container\">\n\t\t\t\t\t<div class=\"elementor-divider\">\n\t\t\t<span class=\"elementor-divider-separator\">\n\t\t\t\t\t\t<\/span>\n\t\t<\/div>\n\t\t\t\t<\/div>\n\t\t\t\t<\/div>\n\t\t\t\t<div class=\"elementor-element elementor-element-31632d1 elementor-widget__width-initial elementor-widget elementor-widget-text-editor\" data-id=\"31632d1\" data-element_type=\"widget\" data-widget_type=\"text-editor.default\">\n\t\t\t\t<div class=\"elementor-widget-container\">\n\t\t\t\t\t\t\tStay ahead of the competition with our detailed analysis of market competitors.\n\n\t\t\t\t\t\t<\/div>\n\t\t\t\t<\/div>\n\t\t\t\t<\/div>\n\t\t\t\t\t<\/div>\n\t\t\t\t<\/div>\n\t\t\t\t\t<\/div>\n\t\t\t\t<\/div>\n\t\t<div class=\"elementor-element elementor-element-535ce63 e-flex e-con-boxed e-con e-parent\" data-id=\"535ce63\" data-element_type=\"container\" data-settings=\"{&quot;background_background&quot;:&quot;classic&quot;,&quot;container_type&quot;:&quot;flex&quot;,&quot;content_width&quot;:&quot;boxed&quot;}\" data-core-v316-plus=\"true\">\n\t\t\t\t\t<div class=\"e-con-inner\">\n\t\t\t\t<div class=\"elementor-element elementor-element-7ecbc26 elementor-widget__width-initial elementor-widget-tablet__width-inherit elementor-widget-mobile__width-inherit elementor-invisible elementor-widget elementor-widget-heading\" data-id=\"7ecbc26\" data-element_type=\"widget\" data-settings=\"{&quot;_animation&quot;:&quot;fadeInRight&quot;}\" data-widget_type=\"heading.default\">\n\t\t\t\t<div class=\"elementor-widget-container\">\n\t\t\t<h2 class=\"elementor-heading-title elementor-size-default\">Expert Approaches In Research<\/h2>\t\t<\/div>\n\t\t\t\t<\/div>\n\t\t\t\t<div class=\"elementor-element elementor-element-823544e elementor-widget__width-initial elementor-widget-mobile__width-inherit animated-slow elementor-invisible elementor-widget elementor-widget-text-editor\" data-id=\"823544e\" data-element_type=\"widget\" data-settings=\"{&quot;_animation&quot;:&quot;fadeInRight&quot;}\" data-widget_type=\"text-editor.default\">\n\t\t\t\t<div class=\"elementor-widget-container\">\n\t\t\t\t\t\t\t<p>Learn about our innovative methodologies and tools that set us apart in delivering exceptional market and customer insights.<\/p>\t\t\t\t\t\t<\/div>\n\t\t\t\t<\/div>\n\t\t\t\t<div class=\"elementor-element elementor-element-7131959 animated-slow elementor-invisible elementor-widget elementor-widget-button\" data-id=\"7131959\" data-element_type=\"widget\" data-settings=\"{&quot;_animation&quot;:&quot;fadeInRight&quot;,&quot;_animation_delay&quot;:400}\" data-widget_type=\"button.default\">\n\t\t\t\t<div class=\"elementor-widget-container\">\n\t\t\t\t\t<div class=\"elementor-button-wrapper\">\n\t\t\t<a class=\"elementor-button elementor-button-link elementor-size-sm elementor-animation-grow\" href=\"https:\/\/toptelecomservices.com\/en\/contactez-nous\/\">\n\t\t\t\t\t\t<span class=\"elementor-button-content-wrapper\">\n\t\t\t\t\t\t<span class=\"elementor-button-text\">Learn More<\/span>\n\t\t<\/span>\n\t\t\t\t\t<\/a>\n\t\t<\/div>\n\t\t\t\t<\/div>\n\t\t\t\t<\/div>\n\t\t\t\t\t<\/div>\n\t\t\t\t<\/div>\n\t\t\t\t<\/div>","protected":false},"excerpt":{"rendered":"<p>Nos services Prospection Avant-Vente Collecte d&rsquo;informations dans divers environnements (urbains, cit\u00e9s, promotions immobili\u00e8res, ruraux&#8230;), ainsi que la capture des intentions d&rsquo;achat fermes Des opportunit\u00e9s gr\u00e2ce \u00e0 des informations fond\u00e9es sur des donn\u00e9es Dans le monde dynamique des affaires, TOP TELECOM SERVICES (TTS) est votre alli\u00e9 pour naviguer dans les tendances du march\u00e9 et les comportements [&hellip;]<\/p>","protected":false},"author":2,"featured_media":0,"parent":350,"menu_order":0,"comment_status":"closed","ping_status":"closed","template":"","meta":{"footnotes":""},"class_list":["post-608","page","type-page","status-publish","hentry"],"_links":{"self":[{"href":"https:\/\/toptelecomservices.com\/en\/wp-json\/wp\/v2\/pages\/608","targetHints":{"allow":["GET"]}}],"collection":[{"href":"https:\/\/toptelecomservices.com\/en\/wp-json\/wp\/v2\/pages"}],"about":[{"href":"https:\/\/toptelecomservices.com\/en\/wp-json\/wp\/v2\/types\/page"}],"author":[{"embeddable":true,"href":"https:\/\/toptelecomservices.com\/en\/wp-json\/wp\/v2\/users\/2"}],"replies":[{"embeddable":true,"href":"https:\/\/toptelecomservices.com\/en\/wp-json\/wp\/v2\/comments?post=608"}],"version-history":[{"count":84,"href":"https:\/\/toptelecomservices.com\/en\/wp-json\/wp\/v2\/pages\/608\/revisions"}],"predecessor-version":[{"id":2211,"href":"https:\/\/toptelecomservices.com\/en\/wp-json\/wp\/v2\/pages\/608\/revisions\/2211"}],"up":[{"embeddable":true,"href":"https:\/\/toptelecomservices.com\/en\/wp-json\/wp\/v2\/pages\/350"}],"wp:attachment":[{"href":"https:\/\/toptelecomservices.com\/en\/wp-json\/wp\/v2\/media?parent=608"}],"curies":[{"name":"wp","href":"https:\/\/api.w.org\/{rel}","templated":true}]}}